{"id":134,"date":"2021-10-26T16:37:58","date_gmt":"2021-10-26T16:37:58","guid":{"rendered":"https:\/\/gray-dugong-432212.hostingersite.com\/?page_id=134"},"modified":"2025-09-27T08:19:52","modified_gmt":"2025-09-27T08:19:52","slug":"cegunkrol","status":"publish","type":"page","link":"https:\/\/femzol.sk\/de\/cegunkrol\/","title":{"rendered":"\u00dcber uns"},"content":{"rendered":"<div data-elementor-type=\"wp-page\" data-elementor-id=\"134\" class=\"elementor elementor-134\">\n\t\t\t\t\t\t<section class=\"elementor-section elementor-top-section elementor-element elementor-element-246f72c elementor-section-full_width elementor-section-height-min-height elementor-section-height-default elementor-section-items-middle\" data-id=\"246f72c\" data-element_type=\"section\" data-settings=\"{&quot;background_background&quot;:&quot;classic&quot;}\">\n\t\t\t\t\t\t<div class=\"elementor-container elementor-column-gap-no\">\n\t\t\t\t\t<div class=\"elementor-column elementor-col-100 elementor-top-column elementor-element elementor-element-2a3ea9d\" data-id=\"2a3ea9d\" data-element_type=\"column\">\n\t\t\t<div class=\"elementor-widget-wrap\">\n\t\t\t\t\t\t\t<\/div>\n\t\t<\/div>\n\t\t\t\t\t<\/div>\n\t\t<\/section>\n\t\t\t\t<section class=\"elementor-section elementor-top-section elementor-element elementor-element-12fe54f elementor-section-height-min-height elementor-section-items-top elementor-section-boxed elementor-section-height-default\" data-id=\"12fe54f\" data-element_type=\"section\" id=\"munkaero\" data-settings=\"{&quot;background_background&quot;:&quot;classic&quot;}\">\n\t\t\t\t\t\t\t<div class=\"elementor-background-overlay\"><\/div>\n\t\t\t\t\t\t\t<div class=\"elementor-container elementor-column-gap-default\">\n\t\t\t\t\t<div class=\"elementor-column elementor-col-100 elementor-top-column elementor-element elementor-element-7f852e0d\" data-id=\"7f852e0d\" data-element_type=\"column\">\n\t\t\t<div class=\"elementor-widget-wrap elementor-element-populated\">\n\t\t\t\t\t\t<section class=\"elementor-section elementor-inner-section elementor-element elementor-element-cd09b84 elementor-section-boxed elementor-section-height-default elementor-section-height-default\" data-id=\"cd09b84\" data-element_type=\"section\">\n\t\t\t\t\t\t<div class=\"elementor-container elementor-column-gap-default\">\n\t\t\t\t\t<div class=\"elementor-column elementor-col-50 elementor-inner-column elementor-element elementor-element-a874586\" data-id=\"a874586\" data-element_type=\"column\">\n\t\t\t<div class=\"elementor-widget-wrap elementor-element-populated\">\n\t\t\t\t\t\t<div class=\"elementor-element elementor-element-2052a52 elementor-widget elementor-widget-text-editor\" data-id=\"2052a52\" data-element_type=\"widget\" data-widget_type=\"text-editor.default\">\n\t\t\t\t<div class=\"elementor-widget-container\">\n\t\t\t\t\t\t\t\t\t<p>FemZol s.r.o. ist ein industrielles, qualit\u00e4tsorientiertes Unternehmen, das seinen Kunden einen stabilen und zuverl\u00e4ssigen Service bietet.<\/p><p>Seit seiner Gr\u00fcndung steht unser Unternehmen verschiedenen Firmen und Unternehmen mit extrem schneller Reaktionszeit und Effizienz zur Verf\u00fcgung.<\/p><p>Die Mitarbeiter unseres Unternehmens fahren mit eigenen Autos, Firmen-Kleinbussen und eigenen Fahrern zur Arbeit, deren Kosten im Preis des mit unseren Partnern abgeschlossenen Vertrages enthalten sind, so dass unsere Kunden mit keinen zus\u00e4tzlichen Kosten rechnen m\u00fcssen zus\u00e4tzlich zum vereinbarten Preis.<\/p><p>Wir verf\u00fcgen \u00fcber ein eigenes Arbeiterwohnheim und Werksgel\u00e4nde, das wir auf Wunsch auch innerhalb der Schlie\u00dfzeiten f\u00fcr Sie organisieren k\u00f6nnen.<\/p>\t\t\t\t\t\t\t\t<\/div>\n\t\t\t\t<\/div>\n\t\t\t\t\t<\/div>\n\t\t<\/div>\n\t\t\t\t<div class=\"elementor-column elementor-col-50 elementor-inner-column elementor-element elementor-element-2c40909 elementor-hidden-tablet elementor-hidden-mobile\" data-id=\"2c40909\" data-element_type=\"column\">\n\t\t\t<div class=\"elementor-widget-wrap elementor-element-populated\">\n\t\t\t\t\t\t<div class=\"elementor-element elementor-element-1467cd8 elementor-widget elementor-widget-image\" data-id=\"1467cd8\" data-element_type=\"widget\" data-widget_type=\"image.default\">\n\t\t\t\t<div class=\"elementor-widget-container\">\n\t\t\t\t\t\t\t\t\t\t\t\t\t\t\t<img fetchpriority=\"high\" decoding=\"async\" width=\"600\" height=\"400\" src=\"https:\/\/femzol.sk\/wp-content\/uploads\/2021\/10\/rolunk.webp\" class=\"attachment-large size-large wp-image-1051\" alt=\"\" srcset=\"https:\/\/femzol.sk\/wp-content\/uploads\/2021\/10\/rolunk.webp 600w, https:\/\/femzol.sk\/wp-content\/uploads\/2021\/10\/rolunk-300x200.webp 300w\" sizes=\"(max-width: 600px) 100vw, 600px\" \/>\t\t\t\t\t\t\t\t\t\t\t\t\t\t\t<\/div>\n\t\t\t\t<\/div>\n\t\t\t\t\t<\/div>\n\t\t<\/div>\n\t\t\t\t\t<\/div>\n\t\t<\/section>\n\t\t\t\t<div class=\"elementor-element elementor-element-bc39447 elementor-widget elementor-widget-heading\" data-id=\"bc39447\" data-element_type=\"widget\" data-widget_type=\"heading.default\">\n\t\t\t\t<div class=\"elementor-widget-container\">\n\t\t\t\t\t<h2 class=\"elementor-heading-title elementor-size-medium\">Unsere Aufgabe\n<\/h2>\t\t\t\t<\/div>\n\t\t\t\t<\/div>\n\t\t\t\t<div class=\"elementor-element elementor-element-695c3aa4 elementor-widget elementor-widget-text-editor\" data-id=\"695c3aa4\" data-element_type=\"widget\" data-widget_type=\"text-editor.default\">\n\t\t\t\t<div class=\"elementor-widget-container\">\n\t\t\t\t\t\t\t\t\t<ul><li>Bauen Sie langfristige Beziehungen zu unseren Kunden auf, indem Sie ihre Erwartungen kontinuierlich erf\u00fcllen und ihre zuk\u00fcnftigen Bed\u00fcrfnisse erkennen.<\/li><li>Befriedigen Sie die Bed\u00fcrfnisse Ihrer Kunden zum richtigen Zeitpunkt und mit dem maximalen Inhalt, den Sie erwarten.<\/li><li>Wir wissen immer, wer (warum) einen Platz hat und er sollte immer vorhanden sein.<\/li><li>Erkennen Sie die sich \u00e4ndernden Gesch\u00e4ftsbedingungen rechtzeitig und reagieren Sie unter Ber\u00fccksichtigung unserer F\u00e4higkeiten so schnell wie m\u00f6glich darauf.<\/li><li>Wir sch\u00fctzen die Interessen unserer Kunden, Mitarbeiter und unserer Organisation, indem wir verantwortungsbewusst und in \u00dcbereinstimmung mit den gesetzlichen Vorgaben handeln.<\/li><li>Wir schaffen mit unserer Arbeit einen Mehrwert und haben dabei stets die Interessen unserer Kunden im Blick.<\/li><li>Wir entwickeln unsere Systeme st\u00e4ndig weiter und unterst\u00fctzen damit die Interessen unserer Kunden.<\/li><li>Unsere Mitarbeiter ausbilden, entwickeln und informieren, denn ohne sie ist es unm\u00f6glich, unsere langfristigen Ziele zu erreichen.<\/li><li>Wir m\u00fcssen immer im Einklang mit den gesetzlichen Vorschriften handeln und unsere Organisation weiterentwickeln.<\/li><li>Konzentrieren wir uns maximal auf die Sicherheit unserer Mitarbeiter, denn der Mensch ist immer der erste und wichtigste Faktor.<\/li><li>Das maximale Ziel unserer Organisation ist es, die Qualit\u00e4t und Leistung unserer Kunden langfristig zu verbessern. Unser Ziel ist eine kontinuierliche Weiterentwicklung bei gleichzeitiger Kapazit\u00e4tserhaltung.<\/li><li>Alle unsere Mitarbeiter verf\u00fcgen \u00fcber langj\u00e4hrige Erfahrung in der Metallverarbeitung, der Automobilindustrie oder der Qualit\u00e4tssicherung und auch in Zukunft werden wir unseren Fokus auf diesen Bereich legen.<\/li><li>Unser Ziel ist es, vollst\u00e4ndig in unser Kundenteam integriert zu sein, als w\u00e4ren wir Teil ihrer Organisation, aber mit Blick auf unsere Kunden und im Wissen, dass wir ihren Prozessen einen Mehrwert verleihen.<\/li><\/ul>\t\t\t\t\t\t\t\t<\/div>\n\t\t\t\t<\/div>\n\t\t\t\t\t<\/div>\n\t\t<\/div>\n\t\t\t\t\t<\/div>\n\t\t<\/section>\n\t\t\t\t<footer class=\"elementor-section elementor-top-section elementor-element elementor-element-3bce002a elementor-section-full_width elementor-section-height-default elementor-section-height-default\" data-id=\"3bce002a\" data-element_type=\"section\">\n\t\t\t\t\t\t<div class=\"elementor-container elementor-column-gap-default\">\n\t\t\t\t\t<div class=\"elementor-column elementor-col-33 elementor-top-column elementor-element elementor-element-6cbe6fe7\" data-id=\"6cbe6fe7\" data-element_type=\"column\" data-settings=\"{&quot;background_background&quot;:&quot;classic&quot;}\">\n\t\t\t<div class=\"elementor-widget-wrap elementor-element-populated\">\n\t\t\t\t\t\t<div class=\"elementor-element elementor-element-4be08b4 elementor-widget elementor-widget-image\" data-id=\"4be08b4\" data-element_type=\"widget\" data-widget_type=\"image.default\">\n\t\t\t\t<div class=\"elementor-widget-container\">\n\t\t\t\t\t\t\t\t\t\t\t\t\t\t\t<img decoding=\"async\" width=\"946\" height=\"464\" src=\"https:\/\/femzol.sk\/wp-content\/uploads\/2021\/10\/femzol_transparent_original.png\" class=\"attachment-full size-full wp-image-3264\" alt=\"\" srcset=\"https:\/\/femzol.sk\/wp-content\/uploads\/2021\/10\/femzol_transparent_original.png 946w, https:\/\/femzol.sk\/wp-content\/uploads\/2021\/10\/femzol_transparent_original-300x147.png 300w, https:\/\/femzol.sk\/wp-content\/uploads\/2021\/10\/femzol_transparent_original-768x377.png 768w, https:\/\/femzol.sk\/wp-content\/uploads\/2021\/10\/femzol_transparent_original-18x9.png 18w\" sizes=\"(max-width: 946px) 100vw, 946px\" \/>\t\t\t\t\t\t\t\t\t\t\t\t\t\t\t<\/div>\n\t\t\t\t<\/div>\n\t\t\t\t\t<\/div>\n\t\t<\/div>\n\t\t\t\t<div class=\"elementor-column elementor-col-33 elementor-top-column elementor-element elementor-element-137f17ea\" data-id=\"137f17ea\" data-element_type=\"column\" data-settings=\"{&quot;background_background&quot;:&quot;classic&quot;}\">\n\t\t\t<div class=\"elementor-widget-wrap elementor-element-populated\">\n\t\t\t\t\t\t<div class=\"elementor-element elementor-element-58a7877e elementor-widget elementor-widget-heading\" data-id=\"58a7877e\" data-element_type=\"widget\" data-widget_type=\"heading.default\">\n\t\t\t\t<div class=\"elementor-widget-container\">\n\t\t\t\t\t<h4 class=\"elementor-heading-title elementor-size-default\">Kontakt\n<\/h4>\t\t\t\t<\/div>\n\t\t\t\t<\/div>\n\t\t\t\t<div class=\"elementor-element elementor-element-20160074 elementor-align-left elementor-mobile-align-left elementor-tablet-align-left elementor-icon-list--layout-traditional elementor-list-item-link-full_width elementor-widget elementor-widget-icon-list\" data-id=\"20160074\" data-element_type=\"widget\" data-widget_type=\"icon-list.default\">\n\t\t\t\t<div class=\"elementor-widget-container\">\n\t\t\t\t\t\t\t<ul class=\"elementor-icon-list-items\">\n\t\t\t\t\t\t\t<li class=\"elementor-icon-list-item\">\n\t\t\t\t\t\t\t\t\t\t\t<span class=\"elementor-icon-list-icon\">\n\t\t\t\t\t\t\t<i aria-hidden=\"true\" class=\"fas fa-phone\"><\/i>\t\t\t\t\t\t<\/span>\n\t\t\t\t\t\t\t\t\t\t<span class=\"elementor-icon-list-text\">+421 917 421 807<\/span>\n\t\t\t\t\t\t\t\t\t<\/li>\n\t\t\t\t\t\t\t\t<li class=\"elementor-icon-list-item\">\n\t\t\t\t\t\t\t\t\t\t\t<span class=\"elementor-icon-list-icon\">\n\t\t\t\t\t\t\t<i aria-hidden=\"true\" class=\"fas fa-phone\"><\/i>\t\t\t\t\t\t<\/span>\n\t\t\t\t\t\t\t\t\t\t<span class=\"elementor-icon-list-text\">+36 70 410 2158<\/span>\n\t\t\t\t\t\t\t\t\t<\/li>\n\t\t\t\t\t\t\t\t<li class=\"elementor-icon-list-item\">\n\t\t\t\t\t\t\t\t\t\t\t<span class=\"elementor-icon-list-icon\">\n\t\t\t\t\t\t\t<i aria-hidden=\"true\" class=\"fas fa-envelope\"><\/i>\t\t\t\t\t\t<\/span>\n\t\t\t\t\t\t\t\t\t\t<span class=\"elementor-icon-list-text\">hr@femzol.sk<\/span>\n\t\t\t\t\t\t\t\t\t<\/li>\n\t\t\t\t\t\t\t\t<li class=\"elementor-icon-list-item\">\n\t\t\t\t\t\t\t\t\t\t\t<span class=\"elementor-icon-list-icon\">\n\t\t\t\t\t\t\t<i aria-hidden=\"true\" class=\"fas fa-map-marker-alt\"><\/i>\t\t\t\t\t\t<\/span>\n\t\t\t\t\t\t\t\t\t\t<span class=\"elementor-icon-list-text\">Sobieskeho 609\/5. SK-943 01 \u0160t\u00farovo<\/span>\n\t\t\t\t\t\t\t\t\t<\/li>\n\t\t\t\t\t\t\t\t<li class=\"elementor-icon-list-item\">\n\t\t\t\t\t\t\t\t\t\t\t<span class=\"elementor-icon-list-icon\">\n\t\t\t\t\t\t\t<i aria-hidden=\"true\" class=\"fas fa-door-open\"><\/i>\t\t\t\t\t\t<\/span>\n\t\t\t\t\t\t\t\t\t\t<span class=\"elementor-icon-list-text\">Montag - Freitag: 08:00 - 16:00<\/span>\n\t\t\t\t\t\t\t\t\t<\/li>\n\t\t\t\t\t\t<\/ul>\n\t\t\t\t\t\t<\/div>\n\t\t\t\t<\/div>\n\t\t\t\t<div class=\"elementor-element elementor-element-3d84d02 elementor-widget elementor-widget-heading\" data-id=\"3d84d02\" data-element_type=\"widget\" data-widget_type=\"heading.default\">\n\t\t\t\t<div class=\"elementor-widget-container\">\n\t\t\t\t\t<h4 class=\"elementor-heading-title elementor-size-default\">Unterlagen\n<\/h4>\t\t\t\t<\/div>\n\t\t\t\t<\/div>\n\t\t\t\t<div class=\"elementor-element elementor-element-4240b11b elementor-align-left elementor-mobile-align-left elementor-tablet-align-left elementor-icon-list--layout-traditional elementor-list-item-link-full_width elementor-widget elementor-widget-icon-list\" data-id=\"4240b11b\" data-element_type=\"widget\" data-widget_type=\"icon-list.default\">\n\t\t\t\t<div class=\"elementor-widget-container\">\n\t\t\t\t\t\t\t<ul class=\"elementor-icon-list-items\">\n\t\t\t\t\t\t\t<li class=\"elementor-icon-list-item\">\n\t\t\t\t\t\t\t\t\t\t\t<a href=\"https:\/\/femzol.sk\/de\/adatvedelmi-iranyelvek\/\">\n\n\t\t\t\t\t\t\t\t\t\t\t\t<span class=\"elementor-icon-list-icon\">\n\t\t\t\t\t\t\t<i aria-hidden=\"true\" class=\"fas fa-file-alt\"><\/i>\t\t\t\t\t\t<\/span>\n\t\t\t\t\t\t\t\t\t\t<span class=\"elementor-icon-list-text\">Datenschutz-Bestimmungen<\/span>\n\t\t\t\t\t\t\t\t\t\t\t<\/a>\n\t\t\t\t\t\t\t\t\t<\/li>\n\t\t\t\t\t\t\t\t<li class=\"elementor-icon-list-item\">\n\t\t\t\t\t\t\t\t\t\t\t<a href=\"https:\/\/femzol.sk\/de\/altalanos-szerzodesi-feltetelek\/\">\n\n\t\t\t\t\t\t\t\t\t\t\t\t<span class=\"elementor-icon-list-icon\">\n\t\t\t\t\t\t\t<i aria-hidden=\"true\" class=\"fas fa-file-invoice-dollar\"><\/i>\t\t\t\t\t\t<\/span>\n\t\t\t\t\t\t\t\t\t\t<span class=\"elementor-icon-list-text\">Allgemeine Gesch\u00e4ftsbedingungen<\/span>\n\t\t\t\t\t\t\t\t\t\t\t<\/a>\n\t\t\t\t\t\t\t\t\t<\/li>\n\t\t\t\t\t\t<\/ul>\n\t\t\t\t\t\t<\/div>\n\t\t\t\t<\/div>\n\t\t\t\t<div class=\"elementor-element elementor-element-268186d5 elementor-widget elementor-widget-heading\" data-id=\"268186d5\" data-element_type=\"widget\" data-widget_type=\"heading.default\">\n\t\t\t\t<div class=\"elementor-widget-container\">\n\t\t\t\t\t<p class=\"elementor-heading-title elementor-size-default\">\u00a9 FemZol s.r.o 2026<\/p>\t\t\t\t<\/div>\n\t\t\t\t<\/div>\n\t\t\t\t\t<\/div>\n\t\t<\/div>\n\t\t\t\t<div class=\"elementor-column elementor-col-33 elementor-top-column elementor-element elementor-element-2bdd1d78 elementor-hidden-tablet elementor-hidden-mobile\" data-id=\"2bdd1d78\" data-element_type=\"column\" data-settings=\"{&quot;background_background&quot;:&quot;classic&quot;}\">\n\t\t\t<div class=\"elementor-widget-wrap\">\n\t\t\t\t\t\t\t<\/div>\n\t\t<\/div>\n\t\t\t\t\t<\/div>\n\t\t<\/footer>\n\t\t\t\t<\/div>","protected":false},"excerpt":{"rendered":"<p>FemZol s.r.o. je priemyseln\u00fd, na kvalitu orientovan\u00fd podnik, ktor\u00fd svojim z\u00e1kazn\u00edkom poskytuje stabiln\u00e9 a spo\u013eahliv\u00e9 slu\u017eby. Od svojho vzniku je na\u0161a spolo\u010dnos\u0165 k dispoz\u00edcii r\u00f4znym spolo\u010dnostiam a podnikom s mimoriadne r\u00fdchlou reak\u010dnou dobou a efekt\u00edvnos\u0165ou. Na\u0161a spolo\u010dnos\u0165 zabezpe\u010duje dopravu pre svojich zamestnancov do pr\u00e1ce vlastn\u00fdmi autami, firemn\u00fdmi mikrobusmi a vlastn\u00fdmi vodi\u010dmi, ktor\u00fdch n\u00e1klady s\u00fa zahrnut\u00e9 [&hellip;]<\/p>","protected":false},"author":1,"featured_media":0,"parent":0,"menu_order":0,"comment_status":"closed","ping_status":"closed","template":"","meta":{"footnotes":""},"class_list":["post-134","page","type-page","status-publish","hentry"],"_links":{"self":[{"href":"https:\/\/femzol.sk\/de\/wp-json\/wp\/v2\/pages\/134","targetHints":{"allow":["GET"]}}],"collection":[{"href":"https:\/\/femzol.sk\/de\/wp-json\/wp\/v2\/pages"}],"about":[{"href":"https:\/\/femzol.sk\/de\/wp-json\/wp\/v2\/types\/page"}],"author":[{"embeddable":true,"href":"https:\/\/femzol.sk\/de\/wp-json\/wp\/v2\/users\/1"}],"replies":[{"embeddable":true,"href":"https:\/\/femzol.sk\/de\/wp-json\/wp\/v2\/comments?post=134"}],"version-history":[{"count":19,"href":"https:\/\/femzol.sk\/de\/wp-json\/wp\/v2\/pages\/134\/revisions"}],"predecessor-version":[{"id":3404,"href":"https:\/\/femzol.sk\/de\/wp-json\/wp\/v2\/pages\/134\/revisions\/3404"}],"wp:attachment":[{"href":"https:\/\/femzol.sk\/de\/wp-json\/wp\/v2\/media?parent=134"}],"curies":[{"name":"wp","href":"https:\/\/api.w.org\/{rel}","templated":true}]}}