{"id":720,"date":"2021-10-28T07:40:40","date_gmt":"2021-10-28T07:40:40","guid":{"rendered":"https:\/\/gray-dugong-432212.hostingersite.com\/?page_id=720"},"modified":"2025-09-23T16:41:06","modified_gmt":"2025-09-23T16:41:06","slug":"job-kezdolap","status":"publish","type":"page","link":"https:\/\/femzol.sk\/en\/","title":{"rendered":"Kezd\u0151lap"},"content":{"rendered":"<div data-elementor-type=\"wp-page\" data-elementor-id=\"720\" class=\"elementor elementor-720\">\n\t\t\t\t\t\t<section class=\"elementor-section elementor-top-section elementor-element elementor-element-7d1d12da elementor-section-boxed elementor-section-height-default elementor-section-height-default\" data-id=\"7d1d12da\" data-element_type=\"section\" id=\"szolgaltatasok\" data-settings=\"{&quot;background_background&quot;:&quot;classic&quot;}\">\n\t\t\t\t\t\t\t<div class=\"elementor-background-overlay\"><\/div>\n\t\t\t\t\t\t\t<div class=\"elementor-container elementor-column-gap-no\">\n\t\t\t\t\t<div class=\"elementor-column elementor-col-100 elementor-top-column elementor-element elementor-element-367911fb\" data-id=\"367911fb\" data-element_type=\"column\">\n\t\t\t<div class=\"elementor-widget-wrap elementor-element-populated\">\n\t\t\t\t\t\t<div class=\"elementor-element elementor-element-5cec9563 elementor-widget elementor-widget-heading\" data-id=\"5cec9563\" data-element_type=\"widget\" data-widget_type=\"heading.default\">\n\t\t\t\t<div class=\"elementor-widget-container\">\n\t\t\t\t\t<h2 class=\"elementor-heading-title elementor-size-large\">WHY THE CHOICE OF FemZol s.r.o. IS WORTH<\/h2>\t\t\t\t<\/div>\n\t\t\t\t<\/div>\n\t\t\t\t<section class=\"elementor-section elementor-inner-section elementor-element elementor-element-0863680 elementor-section-boxed elementor-section-height-default elementor-section-height-default\" data-id=\"0863680\" data-element_type=\"section\">\n\t\t\t\t\t\t<div class=\"elementor-container elementor-column-gap-default\">\n\t\t\t\t\t<div class=\"elementor-column elementor-col-100 elementor-inner-column elementor-element elementor-element-a88df02\" data-id=\"a88df02\" data-element_type=\"column\">\n\t\t\t<div class=\"elementor-widget-wrap elementor-element-populated\">\n\t\t\t\t\t\t<div class=\"elementor-element elementor-element-b6ce202 elementor-widget elementor-widget-text-editor\" data-id=\"b6ce202\" data-element_type=\"widget\" data-widget_type=\"text-editor.default\">\n\t\t\t\t<div class=\"elementor-widget-container\">\n\t\t\t\t\t\t\t\t\t<ul><li>We ensure that our colleagues working on site perform their work in a customer-friendly and professional manner, in accordance with the Client's needs.<\/li><li>We have many years of experience.<\/li><li>We ensure that all legal requirements are accepted and respected in accordance with our ideals.<\/li><li>We have the necessary knowledge and practice to work in accordance with the regulations.<\/li><li>We have the necessary capacities, knowledge and organizational structure to meet the extra needs that arise.<\/li><\/ul><article class=\"text-token-text-primary w-full focus:outline-none scroll-mt-[calc(var(--header-height)+min(200px,max(70px,20svh)))]\" dir=\"auto\" tabindex=\"-1\" data-turn-id=\"request-WEB:3be24f73-b002-4fd2-a24c-ba9eee258f95-6\" data-testid=\"conversation-turn-14\" data-scroll-anchor=\"true\" data-turn=\"assistant\"><div class=\"text-base my-auto mx-auto pb-10 [--thread-content-margin:--spacing(4)] @[37rem]:[--thread-content-margin:--spacing(6)] @[72rem]:[--thread-content-margin:--spacing(16)] px-(--thread-content-margin)\"><div class=\"[--thread-content-max-width:32rem] @[34rem]:[--thread-content-max-width:40rem] @[64rem]:[--thread-content-max-width:48rem] mx-auto max-w-(--thread-content-max-width) flex-1 group\/turn-messages focus-visible:outline-hidden relative flex w-full min-w-0 flex-col agent-turn\" tabindex=\"-1\"><div class=\"flex max-w-full flex-col grow\"><div class=\"min-h-8 text-message relative flex w-full flex-col items-end gap-2 text-start break-words whitespace-normal [.text-message+&amp;]:mt-5\" dir=\"auto\" data-message-author-role=\"assistant\" data-message-id=\"366d9b23-f314-462f-ac1a-cb35910bcb9b\" data-message-model-slug=\"gpt-5\"><div class=\"flex w-full flex-col gap-1 empty:hidden first:pt-[3px]\"><div class=\"markdown prose dark:prose-invert w-full break-words dark markdown-new-styling\"><ul><li data-start=\"0\" data-end=\"699\">We do not endanger our Clients by becoming direct or indirect targets of the authorities or the media as a result of illegal operations.<\/li><\/ul><\/div><\/div><\/div><\/div><\/div><\/div><\/article>\t\t\t\t\t\t\t\t<\/div>\n\t\t\t\t<\/div>\n\t\t\t\t\t<\/div>\n\t\t<\/div>\n\t\t\t\t\t<\/div>\n\t\t<\/section>\n\t\t\t\t<section class=\"elementor-section elementor-inner-section elementor-element elementor-element-2067084 elementor-section-boxed elementor-section-height-default elementor-section-height-default\" data-id=\"2067084\" data-element_type=\"section\">\n\t\t\t\t\t\t<div class=\"elementor-container elementor-column-gap-default\">\n\t\t\t\t\t<div class=\"elementor-column elementor-col-50 elementor-inner-column elementor-element elementor-element-74a39c4\" data-id=\"74a39c4\" data-element_type=\"column\">\n\t\t\t<div class=\"elementor-widget-wrap elementor-element-populated\">\n\t\t\t\t\t\t<div class=\"elementor-element elementor-element-5a48db8 elementor-mobile-align-center termekeink_button elementor-widget elementor-widget-button\" data-id=\"5a48db8\" data-element_type=\"widget\" data-widget_type=\"button.default\">\n\t\t\t\t<div class=\"elementor-widget-container\">\n\t\t\t\t\t\t\t\t\t<div class=\"elementor-button-wrapper\">\n\t\t\t\t\t<a class=\"elementor-button elementor-button-link elementor-size-sm\" href=\"https:\/\/femzol.sk\/en\/termekeink\/\">\n\t\t\t\t\t\t<span class=\"elementor-button-content-wrapper\">\n\t\t\t\t\t\t<span class=\"elementor-button-icon\">\n\t\t\t\t<i aria-hidden=\"true\" class=\"fas fa-arrow-up\"><\/i>\t\t\t<\/span>\n\t\t\t\t\t\t\t\t\t<span class=\"elementor-button-text\">Our products<\/span>\n\t\t\t\t\t<\/span>\n\t\t\t\t\t<\/a>\n\t\t\t\t<\/div>\n\t\t\t\t\t\t\t\t<\/div>\n\t\t\t\t<\/div>\n\t\t\t\t\t<\/div>\n\t\t<\/div>\n\t\t\t\t<div class=\"elementor-column elementor-col-50 elementor-inner-column elementor-element elementor-element-ef3c5d7\" data-id=\"ef3c5d7\" data-element_type=\"column\">\n\t\t\t<div class=\"elementor-widget-wrap elementor-element-populated\">\n\t\t\t\t\t\t<div class=\"elementor-element elementor-element-73f3b96 elementor-mobile-align-center elementor-widget elementor-widget-button\" data-id=\"73f3b96\" data-element_type=\"widget\" data-widget_type=\"button.default\">\n\t\t\t\t<div class=\"elementor-widget-container\">\n\t\t\t\t\t\t\t\t\t<div class=\"elementor-button-wrapper\">\n\t\t\t\t\t<a class=\"elementor-button elementor-button-link elementor-size-sm\" href=\"https:\/\/femzol.sk\/en\/cegunkrol\/\">\n\t\t\t\t\t\t<span class=\"elementor-button-content-wrapper\">\n\t\t\t\t\t\t<span class=\"elementor-button-icon\">\n\t\t\t\t<i aria-hidden=\"true\" class=\"fas fa-arrow-up\"><\/i>\t\t\t<\/span>\n\t\t\t\t\t\t\t\t\t<span class=\"elementor-button-text\">About us<\/span>\n\t\t\t\t\t<\/span>\n\t\t\t\t\t<\/a>\n\t\t\t\t<\/div>\n\t\t\t\t\t\t\t\t<\/div>\n\t\t\t\t<\/div>\n\t\t\t\t\t<\/div>\n\t\t<\/div>\n\t\t\t\t\t<\/div>\n\t\t<\/section>\n\t\t\t\t\t<\/div>\n\t\t<\/div>\n\t\t\t\t\t<\/div>\n\t\t<\/section>\n\t\t\t\t<\/div>","protected":false},"excerpt":{"rendered":"<p>PRE\u010cO SA OPLAT\u00cd VYBRA\u0164 SI FemZol s.r.o. Zabezpe\u010dujeme, aby na\u0161i kolegovia pracuj\u00faci na mieste vykon\u00e1vali svoju pr\u00e1cu profesion\u00e1lne a klientsky priate\u013esk\u00fdm sp\u00f4sobom, v s\u00falade s po\u017eiadavkami Klienta. Disponujeme dlhoro\u010dn\u00fdmi sk\u00fasenos\u0165ami. Zaru\u010dujeme dodr\u017eiavanie a re\u0161pektovanie v\u0161etk\u00fdch z\u00e1konn\u00fdch predpisov, v s\u00falade s na\u0161imi z\u00e1sadami. M\u00e1me potrebn\u00e9 vedomosti a prax na v\u00fdkon pr\u00e1ce pod\u013ea predpisov. Disponujeme potrebn\u00fdmi kapacitami, [&hellip;]<\/p>","protected":false},"author":1,"featured_media":0,"parent":0,"menu_order":0,"comment_status":"closed","ping_status":"closed","template":"","meta":{"footnotes":""},"class_list":["post-720","page","type-page","status-publish","hentry"],"_links":{"self":[{"href":"https:\/\/femzol.sk\/en\/wp-json\/wp\/v2\/pages\/720","targetHints":{"allow":["GET"]}}],"collection":[{"href":"https:\/\/femzol.sk\/en\/wp-json\/wp\/v2\/pages"}],"about":[{"href":"https:\/\/femzol.sk\/en\/wp-json\/wp\/v2\/types\/page"}],"author":[{"embeddable":true,"href":"https:\/\/femzol.sk\/en\/wp-json\/wp\/v2\/users\/1"}],"replies":[{"embeddable":true,"href":"https:\/\/femzol.sk\/en\/wp-json\/wp\/v2\/comments?post=720"}],"version-history":[{"count":15,"href":"https:\/\/femzol.sk\/en\/wp-json\/wp\/v2\/pages\/720\/revisions"}],"predecessor-version":[{"id":3302,"href":"https:\/\/femzol.sk\/en\/wp-json\/wp\/v2\/pages\/720\/revisions\/3302"}],"wp:attachment":[{"href":"https:\/\/femzol.sk\/en\/wp-json\/wp\/v2\/media?parent=720"}],"curies":[{"name":"wp","href":"https:\/\/api.w.org\/{rel}","templated":true}]}}